{"id":3410,"date":"2024-02-08T12:05:53","date_gmt":"2024-02-08T12:05:53","guid":{"rendered":"https:\/\/startersites.io\/elementor\/garderobe\/?page_id=3410"},"modified":"2026-04-15T16:38:52","modified_gmt":"2026-04-15T06:38:52","slug":"contact","status":"publish","type":"page","link":"https:\/\/evovsport.com\/cs\/contact\/","title":{"rendered":"Contact"},"content":{"rendered":"\t\t<div data-elementor-type=\"wp-page\" data-elementor-id=\"3410\" class=\"elementor elementor-3410\" data-elementor-post-type=\"page\">\n\t\t\t\t<div class=\"elementor-element elementor-element-619ae68 e-flex e-con-boxed e-con e-parent\" data-id=\"619ae68\" data-element_type=\"container\" data-e-type=\"container\" data-settings=\"{&quot;background_background&quot;:&quot;classic&quot;}\">\n\t\t\t\t\t<div class=\"e-con-inner\">\n\t\t\t\t<div class=\"elementor-element elementor-element-daffaba elementor-widget elementor-widget-shortcode\" data-id=\"daffaba\" data-element_type=\"widget\" data-e-type=\"widget\" data-widget_type=\"shortcode.default\">\n\t\t\t\t\t\t\t<div class=\"elementor-shortcode\"><\/div>\n\t\t\t\t\t\t<\/div>\n\t\t\t\t<div class=\"elementor-element elementor-element-7dbadcf elementor-widget elementor-widget-heading\" data-id=\"7dbadcf\" data-element_type=\"widget\" data-e-type=\"widget\" data-widget_type=\"heading.default\">\n\t\t\t\t\t<h2 class=\"elementor-heading-title elementor-size-default\">Contact Us<\/h2>\t\t\t\t<\/div>\n\t\t\t\t\t<\/div>\n\t\t\t\t<\/div>\n\t\t<div class=\"elementor-element elementor-element-752f965 e-flex e-con-boxed e-con e-parent\" data-id=\"752f965\" data-element_type=\"container\" data-e-type=\"container\">\n\t\t\t\t\t<div class=\"e-con-inner\">\n\t\t<div class=\"elementor-element elementor-element-935d353 e-con-full e-flex e-con e-child\" data-id=\"935d353\" data-element_type=\"container\" data-e-type=\"container\" data-settings=\"{&quot;background_background&quot;:&quot;classic&quot;}\">\n\t\t\t\t<div class=\"elementor-element elementor-element-cffe25a elementor-widget elementor-widget-image\" data-id=\"cffe25a\" data-element_type=\"widget\" data-e-type=\"widget\" data-widget_type=\"image.default\">\n\t\t\t\t\t\t\t\t\t\t\t\t\t\t\t<img fetchpriority=\"high\" decoding=\"async\" width=\"800\" height=\"800\" src=\"https:\/\/evovsport.com\/wp-content\/uploads\/2025\/12\/AYR60900_800x800.png\" class=\"attachment-full size-full wp-image-3980\" alt=\"\" srcset=\"https:\/\/evovsport.com\/wp-content\/uploads\/2025\/12\/AYR60900_800x800.png.webp 800w, https:\/\/evovsport.com\/wp-content\/uploads\/2025\/12\/AYR60900_800x800-150x150.png 150w, https:\/\/evovsport.com\/wp-content\/uploads\/2025\/12\/AYR60900_800x800-12x12.png.webp 12w\" sizes=\"(max-width: 800px) 100vw, 800px\" \/>\t\t\t\t\t\t\t\t\t\t\t\t\t\t\t<\/div>\n\t\t\t\t<\/div>\n\t\t<div class=\"elementor-element elementor-element-e03d36d e-con-full e-flex e-con e-child\" data-id=\"e03d36d\" data-element_type=\"container\" data-e-type=\"container\">\n\t\t\t\t<div class=\"elementor-element elementor-element-fc8137e elementor-button-align-stretch elementor-widget elementor-widget-form\" data-id=\"fc8137e\" data-element_type=\"widget\" data-e-type=\"widget\" data-settings=\"{&quot;step_next_label&quot;:&quot;Next&quot;,&quot;step_previous_label&quot;:&quot;Previous&quot;,&quot;button_width&quot;:&quot;100&quot;,&quot;step_type&quot;:&quot;number_text&quot;,&quot;step_icon_shape&quot;:&quot;circle&quot;}\" data-widget_type=\"form.default\">\n\t\t\t\t\t\t\t<form class=\"elementor-form\" method=\"post\" name=\"New Form\" aria-label=\"New Form\">\n\t\t\t<input type=\"hidden\" name=\"post_id\" value=\"3410\"\/>\n\t\t\t<input type=\"hidden\" name=\"form_id\" value=\"fc8137e\"\/>\n\t\t\t<input type=\"hidden\" name=\"referer_title\" value=\"Contact - EVOV SPORT\" \/>\n\n\t\t\t\t\t\t\t<input type=\"hidden\" name=\"queried_id\" value=\"3410\"\/>\n\t\t\t\n\t\t\t<div class=\"elementor-form-fields-wrapper elementor-labels-\">\n\t\t\t\t\t\t\t\t<div class=\"elementor-field-type-text elementor-field-group elementor-column elementor-field-group-name elementor-col-100\">\n\t\t\t\t\t\t\t\t\t\t\t\t<label for=\"form-field-name\" class=\"elementor-field-label elementor-screen-only\">\n\t\t\t\t\t\t\t\tName\t\t\t\t\t\t\t<\/label>\n\t\t\t\t\t\t\t\t\t\t\t\t\t\t<input size=\"1\" type=\"text\" name=\"form_fields[name]\" id=\"form-field-name\" class=\"elementor-field elementor-size-sm  elementor-field-textual\" placeholder=\"Name\">\n\t\t\t\t\t\t\t\t\t\t\t<\/div>\n\t\t\t\t\t\t\t\t<div class=\"elementor-field-type-email elementor-field-group elementor-column elementor-field-group-email elementor-col-100 elementor-field-required\">\n\t\t\t\t\t\t\t\t\t\t\t\t<label for=\"form-field-email\" class=\"elementor-field-label elementor-screen-only\">\n\t\t\t\t\t\t\t\tEmail\t\t\t\t\t\t\t<\/label>\n\t\t\t\t\t\t\t\t\t\t\t\t\t\t<input size=\"1\" type=\"email\" name=\"form_fields[email]\" id=\"form-field-email\" class=\"elementor-field elementor-size-sm  elementor-field-textual\" placeholder=\"Email\" required=\"required\">\n\t\t\t\t\t\t\t\t\t\t\t<\/div>\n\t\t\t\t\t\t\t\t<div class=\"elementor-field-type-text elementor-field-group elementor-column elementor-field-group-subject elementor-col-100 elementor-field-required\">\n\t\t\t\t\t\t\t\t\t\t\t\t<label for=\"form-field-subject\" class=\"elementor-field-label elementor-screen-only\">\n\t\t\t\t\t\t\t\tSubject\t\t\t\t\t\t\t<\/label>\n\t\t\t\t\t\t\t\t\t\t\t\t\t\t<input size=\"1\" type=\"text\" name=\"form_fields[subject]\" id=\"form-field-subject\" class=\"elementor-field elementor-size-sm  elementor-field-textual\" placeholder=\"Subject\" required=\"required\">\n\t\t\t\t\t\t\t\t\t\t\t<\/div>\n\t\t\t\t\t\t\t\t<div class=\"elementor-field-type-textarea elementor-field-group elementor-column elementor-field-group-message elementor-col-100\">\n\t\t\t\t\t\t\t\t\t\t\t\t<label for=\"form-field-message\" class=\"elementor-field-label elementor-screen-only\">\n\t\t\t\t\t\t\t\tMessage\t\t\t\t\t\t\t<\/label>\n\t\t\t\t\t\t<textarea class=\"elementor-field-textual elementor-field  elementor-size-sm\" name=\"form_fields[message]\" id=\"form-field-message\" rows=\"4\" placeholder=\"Message\"><\/textarea>\t\t\t\t<\/div>\n\t\t\t\t\t\t\t\t<div class=\"elementor-field-group elementor-column elementor-field-type-submit elementor-col-100 e-form__buttons\">\n\t\t\t\t\t<button class=\"elementor-button elementor-size-sm\" type=\"submit\">\n\t\t\t\t\t\t<span class=\"elementor-button-content-wrapper\">\n\t\t\t\t\t\t\t\t\t\t\t\t\t\t\t\t\t\t\t\t\t\t<span class=\"elementor-button-text\">Send<\/span>\n\t\t\t\t\t\t\t\t\t\t\t\t\t<\/span>\n\t\t\t\t\t<\/button>\n\t\t\t\t<\/div>\n\t\t\t<\/div>\n\t\t<\/form>\n\t\t\t\t\t\t<\/div>\n\t\t\t\t<\/div>\n\t\t\t\t\t<\/div>\n\t\t\t\t<\/div>\n\t\t<div class=\"elementor-element elementor-element-d6bf36a e-flex e-con-boxed e-con e-parent\" data-id=\"d6bf36a\" data-element_type=\"container\" data-e-type=\"container\">\n\t\t\t\t\t<div class=\"e-con-inner\">\n\t\t<div class=\"elementor-element elementor-element-845e1d3 e-con-full e-flex e-con e-child\" data-id=\"845e1d3\" data-element_type=\"container\" data-e-type=\"container\">\n\t\t\t\t<div class=\"elementor-element elementor-element-62f1afd elementor-widget elementor-widget-text-editor\" data-id=\"62f1afd\" data-element_type=\"widget\" data-e-type=\"widget\" data-widget_type=\"text-editor.default\">\n\t\t\t\t\t\t\t\t\t<p>Check out latest products<\/p>\t\t\t\t\t\t\t\t<\/div>\n\t\t\t\t<div class=\"elementor-element elementor-element-4c3f6b5 elementor-widget elementor-widget-heading\" data-id=\"4c3f6b5\" data-element_type=\"widget\" data-e-type=\"widget\" data-widget_type=\"heading.default\">\n\t\t\t\t\t<h2 class=\"elementor-heading-title elementor-size-default\">New Arrivals<\/h2>\t\t\t\t<\/div>\n\t\t\t\t<\/div>\n\t\t<div class=\"elementor-element elementor-element-d372007 e-con-full e-flex e-con e-child\" data-id=\"d372007\" data-element_type=\"container\" data-e-type=\"container\">\n\t\t\t\t<div class=\"elementor-element elementor-element-249917e elementor-align-right elementor-mobile-align-center elementor-widget elementor-widget-button\" data-id=\"249917e\" data-element_type=\"widget\" data-e-type=\"widget\" data-widget_type=\"button.default\">\n\t\t\t\t\t\t\t\t\t\t<a class=\"elementor-button elementor-button-link elementor-size-sm\" href=\"\/products\">\n\t\t\t\t\t\t<span class=\"elementor-button-content-wrapper\">\n\t\t\t\t\t\t\t\t\t<span class=\"elementor-button-text\">View All<\/span>\n\t\t\t\t\t<\/span>\n\t\t\t\t\t<\/a>\n\t\t\t\t\t\t\t\t<\/div>\n\t\t\t\t<\/div>\n\t\t\t\t\t<\/div>\n\t\t\t\t<\/div>\n\t\t<div class=\"elementor-element elementor-element-52f0a3e e-flex e-con-boxed e-con e-parent\" data-id=\"52f0a3e\" data-element_type=\"container\" data-e-type=\"container\">\n\t\t\t\t\t<div class=\"e-con-inner\">\n\t\t\t\t<div class=\"elementor-element elementor-element-f2f036b elementor-widget-tablet__width-inherit elementor-widget elementor-widget-shortcode\" data-id=\"f2f036b\" data-element_type=\"widget\" data-e-type=\"widget\" data-widget_type=\"shortcode.default\">\n\t\t\t\t\t\t\t<div class=\"elementor-shortcode\"><div class=\"woocommerce columns-4 \"><ul class=\"products columns-4\" data-products=\"type-1\" data-hover=\"zoom-in\">\n<li class=\"add-to-wishlist-before_image product type-product post-3487 status-publish first instock product_cat-socks product_tag-socks has-post-thumbnail shipping-taxable purchasable product-type-simple\">\n\t<div class=\"yith-add-to-wishlist-button-block\" data-product-id=\"3487\" data-attributes=\"{&quot;kind&quot;:&quot;button&quot;}\"><\/div><a href=\"https:\/\/evovsport.com\/cs\/produkt\/evov-ankle-sock\/\" class=\"woocommerce-LoopProduct-link woocommerce-loop-product__link\"><img decoding=\"async\" width=\"300\" height=\"300\" src=\"https:\/\/evovsport.com\/wp-content\/uploads\/2025\/11\/AnkleSock1_800x800-300x300.png\" class=\"attachment-woocommerce_thumbnail size-woocommerce_thumbnail\" alt=\"EVOV Ankle Sock\" srcset=\"https:\/\/evovsport.com\/wp-content\/uploads\/2025\/11\/AnkleSock1_800x800-300x300.png 300w, https:\/\/evovsport.com\/wp-content\/uploads\/2025\/11\/AnkleSock1_800x800-150x150.png 150w, https:\/\/evovsport.com\/wp-content\/uploads\/2025\/11\/AnkleSock1_800x800-768x768.png 768w, https:\/\/evovsport.com\/wp-content\/uploads\/2025\/11\/AnkleSock1_800x800-600x600.png 600w, https:\/\/evovsport.com\/wp-content\/uploads\/2025\/11\/AnkleSock1_800x800-100x100.png 100w, https:\/\/evovsport.com\/wp-content\/uploads\/2025\/11\/AnkleSock1_800x800.png 800w\" sizes=\"(max-width: 300px) 100vw, 300px\" \/><h2 class=\"woocommerce-loop-product__title\">EVOV Ankle Sock<\/h2>\n\t<span class=\"price\"><span class=\"wmc-cache-pid wmc-cache-loading\" data-wmc_product_id=\"3487\"><span class=\"woocommerce-Price-amount amount\"><bdi><span class=\"woocommerce-Price-currencySymbol\">A$<\/span>19.99<\/bdi><\/span><\/span><\/span>\n<\/a><a href=\"\/cs\/wp-json\/wp\/v2\/pages\/3410?add-to-cart=3487\" aria-describedby=\"woocommerce_loop_add_to_cart_link_describedby_3487\" data-quantity=\"1\" class=\"button product_type_simple add_to_cart_button ajax_add_to_cart\" data-product_id=\"3487\" data-product_sku=\"\" aria-label=\"P\u0159idat do ko\u0161\u00edku: &ldquo;EVOV Ankle Sock&rdquo;\" rel=\"nofollow\" data-success_message=\"&ldquo;EVOV Ankle Sock&rdquo; byl p\u0159id\u00e1n do ko\u0161\u00edku\" role=\"button\">P\u0159idat do ko\u0161\u00edku<\/a>\t<span id=\"woocommerce_loop_add_to_cart_link_describedby_3487\" class=\"screen-reader-text\">\n\t\t\t<\/span>\n<\/li>\n<li class=\"add-to-wishlist-before_image product type-product post-3447 status-publish instock product_cat-hats product_tag-black has-post-thumbnail shipping-taxable purchasable product-type-simple\">\n\t<div class=\"yith-add-to-wishlist-button-block\" data-product-id=\"3447\" data-attributes=\"{&quot;kind&quot;:&quot;button&quot;}\"><\/div><a href=\"https:\/\/evovsport.com\/cs\/produkt\/cap\/\" class=\"woocommerce-LoopProduct-link woocommerce-loop-product__link\"><img decoding=\"async\" width=\"300\" height=\"300\" src=\"https:\/\/evovsport.com\/wp-content\/uploads\/2025\/12\/54.png\" class=\"attachment-woocommerce_thumbnail size-woocommerce_thumbnail\" alt=\"EVOV CAP\" srcset=\"https:\/\/evovsport.com\/wp-content\/uploads\/2025\/12\/54.png 500w, https:\/\/evovsport.com\/wp-content\/uploads\/2025\/12\/54-150x150.png 150w, https:\/\/evovsport.com\/wp-content\/uploads\/2025\/12\/54-12x12.png 12w\" sizes=\"(max-width: 300px) 100vw, 300px\" \/><h2 class=\"woocommerce-loop-product__title\">EVOV CAP<\/h2>\n\t<span class=\"price\"><span class=\"wmc-cache-pid wmc-cache-loading\" data-wmc_product_id=\"3447\"><span class=\"woocommerce-Price-amount amount\"><bdi><span class=\"woocommerce-Price-currencySymbol\">A$<\/span>24.98<\/bdi><\/span><\/span><\/span>\n<\/a><a href=\"\/cs\/wp-json\/wp\/v2\/pages\/3410?add-to-cart=3447\" aria-describedby=\"woocommerce_loop_add_to_cart_link_describedby_3447\" data-quantity=\"1\" class=\"button product_type_simple add_to_cart_button ajax_add_to_cart\" data-product_id=\"3447\" data-product_sku=\"\" aria-label=\"P\u0159idat do ko\u0161\u00edku: &ldquo;EVOV CAP&rdquo;\" rel=\"nofollow\" data-success_message=\"&ldquo;EVOV CAP&rdquo; byl p\u0159id\u00e1n do ko\u0161\u00edku\" role=\"button\">P\u0159idat do ko\u0161\u00edku<\/a>\t<span id=\"woocommerce_loop_add_to_cart_link_describedby_3447\" class=\"screen-reader-text\">\n\t\t\t<\/span>\n<\/li>\n<li class=\"add-to-wishlist-before_image product type-product post-3452 status-publish outofstock product_cat-socks product_tag-socks has-post-thumbnail featured shipping-taxable purchasable product-type-simple\">\n\t<div class=\"yith-add-to-wishlist-button-block\" data-product-id=\"3452\" data-attributes=\"{&quot;kind&quot;:&quot;button&quot;}\"><\/div><a href=\"https:\/\/evovsport.com\/cs\/produkt\/footy-grip-socks\/\" class=\"woocommerce-LoopProduct-link woocommerce-loop-product__link\"><img loading=\"lazy\" decoding=\"async\" width=\"300\" height=\"300\" src=\"https:\/\/evovsport.com\/wp-content\/uploads\/2025\/12\/49.png\" class=\"attachment-woocommerce_thumbnail size-woocommerce_thumbnail\" alt=\"EVOV Footy Grip socks (Limited Edition)\" srcset=\"https:\/\/evovsport.com\/wp-content\/uploads\/2025\/12\/49.png 500w, https:\/\/evovsport.com\/wp-content\/uploads\/2025\/12\/49-150x150.png 150w, https:\/\/evovsport.com\/wp-content\/uploads\/2025\/12\/49-12x12.png 12w\" sizes=\"(max-width: 300px) 100vw, 300px\" \/><h2 class=\"woocommerce-loop-product__title\">EVOV Footy Grip socks (Limited Edition)<\/h2>\n\t<span class=\"price\"><span class=\"wmc-cache-pid wmc-cache-loading\" data-wmc_product_id=\"3452\"><span class=\"woocommerce-Price-amount amount\"><bdi><span class=\"woocommerce-Price-currencySymbol\">A$<\/span>29.98<\/bdi><\/span><\/span><\/span>\n<\/a><a href=\"https:\/\/evovsport.com\/cs\/produkt\/footy-grip-socks\/\" aria-describedby=\"woocommerce_loop_add_to_cart_link_describedby_3452\" data-quantity=\"1\" class=\"button product_type_simple\" data-product_id=\"3452\" data-product_sku=\"\" aria-label=\"Zjistit v\u00edce o &bdquo;EVOV Footy Grip socks (Limited Edition)&ldquo;\" rel=\"nofollow\" data-success_message=\"\">\u010ct\u011bte v\u00edce<\/a>\t<span id=\"woocommerce_loop_add_to_cart_link_describedby_3452\" class=\"screen-reader-text\">\n\t\t\t<\/span>\n<\/li>\n<li class=\"add-to-wishlist-before_image product type-product post-4527 status-publish last instock product_cat-hoodie has-post-thumbnail shipping-taxable purchasable product-type-variable\">\n\t<div class=\"yith-add-to-wishlist-button-block\" data-product-id=\"4527\" data-attributes=\"{&quot;kind&quot;:&quot;button&quot;}\"><\/div><a href=\"https:\/\/evovsport.com\/cs\/produkt\/evov-hoodie\/\" class=\"woocommerce-LoopProduct-link woocommerce-loop-product__link\"><img loading=\"lazy\" decoding=\"async\" width=\"300\" height=\"300\" src=\"https:\/\/evovsport.com\/wp-content\/uploads\/2025\/12\/13.png\" class=\"attachment-woocommerce_thumbnail size-woocommerce_thumbnail\" alt=\"EVOV Hoodie\" srcset=\"https:\/\/evovsport.com\/wp-content\/uploads\/2025\/12\/13.png 500w, https:\/\/evovsport.com\/wp-content\/uploads\/2025\/12\/13-150x150.png 150w, https:\/\/evovsport.com\/wp-content\/uploads\/2025\/12\/13-12x12.png 12w\" sizes=\"(max-width: 300px) 100vw, 300px\" \/><h2 class=\"woocommerce-loop-product__title\">EVOV Hoodie<\/h2>\n\t<span class=\"price\"><span class=\"wmc-cache-pid wmc-cache-loading\" data-wmc_product_id=\"4527\"><span class=\"woocommerce-Price-amount amount\"><bdi><span class=\"woocommerce-Price-currencySymbol\">A$<\/span>59.98<\/bdi><\/span><\/span><\/span>\n<\/a><a href=\"https:\/\/evovsport.com\/cs\/produkt\/evov-hoodie\/\" aria-describedby=\"woocommerce_loop_add_to_cart_link_describedby_4527\" data-quantity=\"1\" class=\"button product_type_variable add_to_cart_button\" data-product_id=\"4527\" data-product_sku=\"\" aria-label=\"Vyberte nastaven\u00ed pro &bdquo;EVOV Hoodie&ldquo;\" rel=\"nofollow\">V\u00fdb\u011br mo\u017enost\u00ed<\/a>\t<span id=\"woocommerce_loop_add_to_cart_link_describedby_4527\" class=\"screen-reader-text\">\n\t\tTento produkt m\u00e1 v\u00edce variant. Mo\u017enosti lze vybrat na str\u00e1nce produktu\t<\/span>\n<\/li>\n<\/ul>\n<\/div><\/div>\n\t\t\t\t\t\t<\/div>\n\t\t\t\t\t<\/div>\n\t\t\t\t<\/div>\n\t\t\t\t<\/div>\n\t\t","protected":false},"excerpt":{"rendered":"<p>Contact Us Check out latest products New Arrivals View All<\/p>","protected":false},"author":1,"featured_media":0,"parent":0,"menu_order":0,"comment_status":"closed","ping_status":"closed","template":"","meta":{"footnotes":""},"class_list":["post-3410","page","type-page","status-publish","hentry"],"blocksy_meta":{"has_hero_section":"disabled","vertical_spacing_source":"custom","content_area_spacing":"none","styles_descriptor":{"styles":{"desktop":"","tablet":"","mobile":""},"google_fonts":[],"version":6}},"_links":{"self":[{"href":"https:\/\/evovsport.com\/cs\/wp-json\/wp\/v2\/pages\/3410","targetHints":{"allow":["GET"]}}],"collection":[{"href":"https:\/\/evovsport.com\/cs\/wp-json\/wp\/v2\/pages"}],"about":[{"href":"https:\/\/evovsport.com\/cs\/wp-json\/wp\/v2\/types\/page"}],"author":[{"embeddable":true,"href":"https:\/\/evovsport.com\/cs\/wp-json\/wp\/v2\/users\/1"}],"replies":[{"embeddable":true,"href":"https:\/\/evovsport.com\/cs\/wp-json\/wp\/v2\/comments?post=3410"}],"version-history":[{"count":150,"href":"https:\/\/evovsport.com\/cs\/wp-json\/wp\/v2\/pages\/3410\/revisions"}],"predecessor-version":[{"id":5415,"href":"https:\/\/evovsport.com\/cs\/wp-json\/wp\/v2\/pages\/3410\/revisions\/5415"}],"wp:attachment":[{"href":"https:\/\/evovsport.com\/cs\/wp-json\/wp\/v2\/media?parent=3410"}],"curies":[{"name":"wp","href":"https:\/\/api.w.org\/{rel}","templated":true}]}}