{"id":4607,"date":"2025-12-30T14:18:26","date_gmt":"2025-12-30T03:18:26","guid":{"rendered":"https:\/\/evovsport.com\/?page_id=4607"},"modified":"2026-01-02T18:37:08","modified_gmt":"2026-01-02T07:37:08","slug":"nose-strips","status":"publish","type":"page","link":"https:\/\/evovsport.com\/cs\/nose-strips\/","title":{"rendered":"Nose Strips"},"content":{"rendered":"\t\t<div data-elementor-type=\"wp-page\" data-elementor-id=\"4607\" class=\"elementor elementor-4607\" data-elementor-post-type=\"page\">\n\t\t\t\t<div class=\"elementor-element elementor-element-0c68efd e-flex e-con-boxed e-con e-parent\" data-id=\"0c68efd\" data-element_type=\"container\" data-e-type=\"container\">\n\t\t\t\t\t<div class=\"e-con-inner\">\n\t\t\t\t<div class=\"elementor-element elementor-element-599fab4 elementor-widget elementor-widget-image-carousel\" data-id=\"599fab4\" data-element_type=\"widget\" data-e-type=\"widget\" data-settings=\"{&quot;slides_to_show&quot;:&quot;4&quot;,&quot;slides_to_scroll&quot;:&quot;1&quot;,&quot;navigation&quot;:&quot;none&quot;,&quot;speed&quot;:1000,&quot;autoplay&quot;:&quot;yes&quot;,&quot;pause_on_hover&quot;:&quot;yes&quot;,&quot;pause_on_interaction&quot;:&quot;yes&quot;,&quot;autoplay_speed&quot;:5000,&quot;infinite&quot;:&quot;yes&quot;,&quot;image_spacing_custom&quot;:{&quot;unit&quot;:&quot;px&quot;,&quot;size&quot;:20,&quot;sizes&quot;:[]},&quot;image_spacing_custom_tablet&quot;:{&quot;unit&quot;:&quot;px&quot;,&quot;size&quot;:&quot;&quot;,&quot;sizes&quot;:[]},&quot;image_spacing_custom_mobile&quot;:{&quot;unit&quot;:&quot;px&quot;,&quot;size&quot;:&quot;&quot;,&quot;sizes&quot;:[]}}\" data-widget_type=\"image-carousel.default\">\n\t\t\t\t\t\t\t<div class=\"elementor-image-carousel-wrapper swiper\" role=\"region\" aria-roledescription=\"carousel\" aria-label=\"Image Carousel\" dir=\"ltr\">\n\t\t\t<div class=\"elementor-image-carousel swiper-wrapper swiper-image-stretch\" aria-live=\"off\">\n\t\t\t\t\t\t\t\t<div class=\"swiper-slide\" role=\"group\" aria-roledescription=\"slide\" aria-label=\"1 of 5\"><figure class=\"swiper-slide-inner\"><img decoding=\"async\" class=\"swiper-slide-image\" src=\"https:\/\/evovsport.com\/wp-content\/uploads\/2025\/12\/60.png\" alt=\"60\" \/><\/figure><\/div><div class=\"swiper-slide\" role=\"group\" aria-roledescription=\"slide\" aria-label=\"2 of 5\"><figure class=\"swiper-slide-inner\"><img decoding=\"async\" class=\"swiper-slide-image\" src=\"https:\/\/evovsport.com\/wp-content\/uploads\/2025\/12\/59.png\" alt=\"59\" \/><\/figure><\/div><div class=\"swiper-slide\" role=\"group\" aria-roledescription=\"slide\" aria-label=\"3 of 5\"><figure class=\"swiper-slide-inner\"><img decoding=\"async\" class=\"swiper-slide-image\" src=\"https:\/\/evovsport.com\/wp-content\/uploads\/2025\/12\/58.png\" alt=\"58\" \/><\/figure><\/div><div class=\"swiper-slide\" role=\"group\" aria-roledescription=\"slide\" aria-label=\"4 of 5\"><figure class=\"swiper-slide-inner\"><img decoding=\"async\" class=\"swiper-slide-image\" src=\"https:\/\/evovsport.com\/wp-content\/uploads\/2025\/12\/57.png\" alt=\"57\" \/><\/figure><\/div><div class=\"swiper-slide\" role=\"group\" aria-roledescription=\"slide\" aria-label=\"5 of 5\"><figure class=\"swiper-slide-inner\"><img decoding=\"async\" class=\"swiper-slide-image\" src=\"https:\/\/evovsport.com\/wp-content\/uploads\/2025\/12\/56.png\" alt=\"56\" \/><\/figure><\/div>\t\t\t<\/div>\n\t\t\t\t\t\t\t\n\t\t\t\t\t\t\t\t\t<\/div>\n\t\t\t\t\t\t<\/div>\n\t\t<div class=\"elementor-element elementor-element-2f1e0f6 e-con-full e-flex e-con e-child\" data-id=\"2f1e0f6\" data-element_type=\"container\" data-e-type=\"container\">\n\t\t\t\t<div class=\"elementor-element elementor-element-a35556d elementor-widget elementor-widget-heading\" data-id=\"a35556d\" data-element_type=\"widget\" data-e-type=\"widget\" data-widget_type=\"heading.default\">\n\t\t\t\t\t<h2 class=\"elementor-heading-title elementor-size-default\">Breathe better. Perform harder.<\/h2>\t\t\t\t<\/div>\n\t\t<div class=\"elementor-element elementor-element-d1c6c2b e-grid e-con-boxed e-con e-child\" data-id=\"d1c6c2b\" data-element_type=\"container\" data-e-type=\"container\">\n\t\t\t\t\t<div class=\"e-con-inner\">\n\t\t<div class=\"elementor-element elementor-element-6644842 e-con-full e-flex e-con e-child\" data-id=\"6644842\" data-element_type=\"container\" data-e-type=\"container\">\n\t\t\t\t<div class=\"elementor-element elementor-element-08896b7 elementor-widget elementor-widget-heading\" data-id=\"08896b7\" data-element_type=\"widget\" data-e-type=\"widget\" data-widget_type=\"heading.default\">\n\t\t\t\t\t<div class=\"elementor-heading-title elementor-size-default\">1<\/div>\t\t\t\t<\/div>\n\t\t\t\t<div class=\"elementor-element elementor-element-2d75491 elementor-position-top elementor-position-top elementor-widget elementor-widget-image-box\" data-id=\"2d75491\" data-element_type=\"widget\" data-e-type=\"widget\" data-widget_type=\"image-box.default\">\n\t\t\t\t\t<div class=\"elementor-image-box-wrapper\"><figure class=\"elementor-image-box-img\"><img fetchpriority=\"high\" decoding=\"async\" width=\"830\" height=\"706\" src=\"https:\/\/evovsport.com\/wp-content\/uploads\/2025\/12\/7370539d2d50a20efb412.jpg\" class=\"attachment-full size-full wp-image-4642\" alt=\"\" srcset=\"https:\/\/evovsport.com\/wp-content\/uploads\/2025\/12\/7370539d2d50a20efb412.jpg 830w, https:\/\/evovsport.com\/wp-content\/uploads\/2025\/12\/7370539d2d50a20efb412-14x12.jpg 14w\" sizes=\"(max-width: 830px) 100vw, 830px\" \/><\/figure><div class=\"elementor-image-box-content\"><h3 class=\"elementor-image-box-title\">Prep.<\/h3><p class=\"elementor-image-box-description\">Wash &amp; Dry.<br>Ensure skin is clean.<\/p><\/div><\/div>\t\t\t\t<\/div>\n\t\t\t\t<\/div>\n\t\t<div class=\"elementor-element elementor-element-0c82a45 e-con-full e-flex e-con e-child\" data-id=\"0c82a45\" data-element_type=\"container\" data-e-type=\"container\">\n\t\t\t\t<div class=\"elementor-element elementor-element-2bae9c1 elementor-widget elementor-widget-heading\" data-id=\"2bae9c1\" data-element_type=\"widget\" data-e-type=\"widget\" data-widget_type=\"heading.default\">\n\t\t\t\t\t<div class=\"elementor-heading-title elementor-size-default\">2<\/div>\t\t\t\t<\/div>\n\t\t\t\t<div class=\"elementor-element elementor-element-3e86cd6 elementor-position-top elementor-position-top elementor-widget elementor-widget-image-box\" data-id=\"3e86cd6\" data-element_type=\"widget\" data-e-type=\"widget\" data-widget_type=\"image-box.default\">\n\t\t\t\t\t<div class=\"elementor-image-box-wrapper\"><figure class=\"elementor-image-box-img\"><img decoding=\"async\" width=\"1020\" height=\"884\" src=\"https:\/\/evovsport.com\/wp-content\/uploads\/2025\/12\/102723d55d18d2468b093.jpg\" class=\"attachment-full size-full wp-image-4641\" alt=\"\" srcset=\"https:\/\/evovsport.com\/wp-content\/uploads\/2025\/12\/102723d55d18d2468b093.jpg 1020w, https:\/\/evovsport.com\/wp-content\/uploads\/2025\/12\/102723d55d18d2468b093-14x12.jpg 14w\" sizes=\"(max-width: 1020px) 100vw, 1020px\" \/><\/figure><div class=\"elementor-image-box-content\"><h3 class=\"elementor-image-box-title\">Position.<\/h3><p class=\"elementor-image-box-description\">Avoid placement<br>too high or low.<\/p><\/div><\/div>\t\t\t\t<\/div>\n\t\t\t\t<\/div>\n\t\t<div class=\"elementor-element elementor-element-b0c7557 e-con-full e-flex e-con e-child\" data-id=\"b0c7557\" data-element_type=\"container\" data-e-type=\"container\">\n\t\t\t\t<div class=\"elementor-element elementor-element-341e1e9 elementor-widget elementor-widget-heading\" data-id=\"341e1e9\" data-element_type=\"widget\" data-e-type=\"widget\" data-widget_type=\"heading.default\">\n\t\t\t\t\t<div class=\"elementor-heading-title elementor-size-default\">3<\/div>\t\t\t\t<\/div>\n\t\t\t\t<div class=\"elementor-element elementor-element-b45f75a elementor-position-top elementor-position-top elementor-widget elementor-widget-image-box\" data-id=\"b45f75a\" data-element_type=\"widget\" data-e-type=\"widget\" data-widget_type=\"image-box.default\">\n\t\t\t\t\t<div class=\"elementor-image-box-wrapper\"><figure class=\"elementor-image-box-img\"><img decoding=\"async\" width=\"860\" height=\"682\" src=\"https:\/\/evovsport.com\/wp-content\/uploads\/2025\/12\/4e77469a3857b709ee464.jpg\" class=\"attachment-full size-full wp-image-4640\" alt=\"\" srcset=\"https:\/\/evovsport.com\/wp-content\/uploads\/2025\/12\/4e77469a3857b709ee464.jpg 860w, https:\/\/evovsport.com\/wp-content\/uploads\/2025\/12\/4e77469a3857b709ee464-15x12.jpg 15w\" sizes=\"(max-width: 860px) 100vw, 860px\" \/><\/figure><div class=\"elementor-image-box-content\"><h3 class=\"elementor-image-box-title\">Secure.<\/h3><p class=\"elementor-image-box-description\">Correct fit.<br>Apple firmly.<\/p><\/div><\/div>\t\t\t\t<\/div>\n\t\t\t\t<\/div>\n\t\t\t\t\t<\/div>\n\t\t\t\t<\/div>\n\t\t<div class=\"elementor-element elementor-element-5c215db e-con-full e-flex e-con e-child\" data-id=\"5c215db\" data-element_type=\"container\" data-e-type=\"container\">\n\t\t\t\t<div class=\"elementor-element elementor-element-817041c elementor-widget elementor-widget-heading\" data-id=\"817041c\" data-element_type=\"widget\" data-e-type=\"widget\" data-widget_type=\"heading.default\">\n\t\t\t\t\t<div class=\"elementor-heading-title elementor-size-default\">Cautions<\/div>\t\t\t\t<\/div>\n\t\t\t\t<div class=\"elementor-element elementor-element-0a906b4 elementor-widget__width-initial elementor-icon-list--layout-traditional elementor-list-item-link-full_width elementor-widget elementor-widget-icon-list\" data-id=\"0a906b4\" data-element_type=\"widget\" data-e-type=\"widget\" data-widget_type=\"icon-list.default\">\n\t\t\t\t\t\t\t<ul class=\"elementor-icon-list-items\">\n\t\t\t\t\t\t\t<li class=\"elementor-icon-list-item\">\n\t\t\t\t\t\t\t\t\t\t\t<span class=\"elementor-icon-list-icon\">\n\t\t\t\t\t\t\t<svg aria-hidden=\"true\" class=\"e-font-icon-svg e-fas-circle\" viewBox=\"0 0 512 512\" xmlns=\"http:\/\/www.w3.org\/2000\/svg\"><path d=\"M256 8C119 8 8 119 8 256s111 248 248 248 248-111 248-248S393 8 256 8z\"><\/path><\/svg>\t\t\t\t\t\t<\/span>\n\t\t\t\t\t\t\t\t\t\t<span class=\"elementor-icon-list-text\"><b>Disposable <\/b>use each strip only once.<\/span>\n\t\t\t\t\t\t\t\t\t<\/li>\n\t\t\t\t\t\t\t\t<li class=\"elementor-icon-list-item\">\n\t\t\t\t\t\t\t\t\t\t\t<span class=\"elementor-icon-list-icon\">\n\t\t\t\t\t\t\t<svg aria-hidden=\"true\" class=\"e-font-icon-svg e-fas-circle\" viewBox=\"0 0 512 512\" xmlns=\"http:\/\/www.w3.org\/2000\/svg\"><path d=\"M256 8C119 8 8 119 8 256s111 248 248 248 248-111 248-248S393 8 256 8z\"><\/path><\/svg>\t\t\t\t\t\t<\/span>\n\t\t\t\t\t\t\t\t\t\t<span class=\"elementor-icon-list-text\">Do not use for more than 12 hours per day.<\/span>\n\t\t\t\t\t\t\t\t\t<\/li>\n\t\t\t\t\t\t<\/ul>\n\t\t\t\t\t\t<\/div>\n\t\t\t\t<\/div>\n\t\t\t\t<\/div>\n\t\t\t\t<div class=\"woocommerce elementor-element elementor-element-e34f525 elementor-grid-3 elementor-grid-tablet-2 elementor-grid-mobile-1 elementor-widget elementor-widget-loop-grid\" data-id=\"e34f525\" data-element_type=\"widget\" data-e-type=\"widget\" data-settings=\"{&quot;_skin&quot;:&quot;product&quot;,&quot;template_id&quot;:&quot;4155&quot;,&quot;columns&quot;:&quot;3&quot;,&quot;columns_tablet&quot;:&quot;2&quot;,&quot;columns_mobile&quot;:&quot;1&quot;,&quot;edit_handle_selector&quot;:&quot;[data-elementor-type=\\&quot;loop-item\\&quot;]&quot;,&quot;row_gap&quot;:{&quot;unit&quot;:&quot;px&quot;,&quot;size&quot;:&quot;&quot;,&quot;sizes&quot;:[]},&quot;row_gap_tablet&quot;:{&quot;unit&quot;:&quot;px&quot;,&quot;size&quot;:&quot;&quot;,&quot;sizes&quot;:[]},&quot;row_gap_mobile&quot;:{&quot;unit&quot;:&quot;px&quot;,&quot;size&quot;:&quot;&quot;,&quot;sizes&quot;:[]}}\" data-widget_type=\"loop-grid.product\">\n\t\t\t\t<div class=\"elementor-widget-container\">\n\t\t\t\t\t\t\t<div class=\"elementor-loop-container elementor-grid\" role=\"list\">\n\t\t<style id=\"loop-4155\">.elementor-4155 .elementor-element.elementor-element-848908d{--display:flex;}.elementor-4155 .elementor-element.elementor-element-fb65f3d{--display:flex;--overflow:hidden;--padding-top:0px;--padding-bottom:0px;--padding-left:0px;--padding-right:0px;}.elementor-4155 .elementor-element.elementor-element-1f286eb img{width:100%;}.elementor-4155 .elementor-element.elementor-element-19a400e .elementor-heading-title{font-family:\"Inter\", Sans-serif;font-size:12px;font-weight:600;text-transform:uppercase;line-height:1.3em;color:#FFFFFF;}.elementor-4155 .elementor-element.elementor-element-19a400e{padding:3px 5px 3px 5px;top:10px;background-color:#000000;}body:not(.rtl) .elementor-4155 .elementor-element.elementor-element-19a400e{left:10px;}body.rtl .elementor-4155 .elementor-element.elementor-element-19a400e{right:10px;}.elementor-4155 .elementor-element.elementor-element-b2b9c7f{--display:flex;--gap:10px 10px;--row-gap:10px;--column-gap:10px;--padding-top:0px;--padding-bottom:0px;--padding-left:0px;--padding-right:0px;}.elementor-4155 .elementor-element.elementor-element-97f9ce8 .elementor-heading-title{font-family:\"Inter\", Sans-serif;font-size:12px;font-weight:500;text-transform:uppercase;line-height:1.3em;color:var( --e-global-color-blocksy_palette_3 );}.elementor-4155 .elementor-element.elementor-element-a0b71c7 .elementor-heading-title{font-family:\"Montserrat\", Sans-serif;font-size:18px;font-weight:600;line-height:1.3em;color:#000000;}.woocommerce .elementor-4155 .elementor-element.elementor-element-2f200db .price{color:#000000;font-size:15px;font-weight:600;}body:not(.rtl) .elementor-4155 .elementor-element.elementor-element-2f200db:not(.elementor-product-price-block-yes) del{margin-right:10px;}body.rtl .elementor-4155 .elementor-element.elementor-element-2f200db:not(.elementor-product-price-block-yes) del{margin-left:10px;}.elementor-4155 .elementor-element.elementor-element-2f200db.elementor-product-price-block-yes del{margin-bottom:10px;}@media(max-width:1024px){.elementor-4155 .elementor-element.elementor-element-a0b71c7 .elementor-heading-title{font-size:16px;}.woocommerce .elementor-4155 .elementor-element.elementor-element-2f200db .price{font-size:14px;}}\/* Start custom CSS for theme-post-featured-image, class: .elementor-element-1f286eb *\/.elementor-4155 .elementor-element.elementor-element-1f286eb{\n    aspect-ratio: 1\/1;\n}\n.elementor-4155 .elementor-element.elementor-element-1f286eb a{\n    width: 100%;\n}\/* End custom CSS *\/\n\/* Start custom CSS for heading, class: .elementor-element-97f9ce8 *\/.elementor-4155 .elementor-element.elementor-element-97f9ce8 .elementor-heading-title a:not(:first-child){\r\n    display: none;\r\n}\/* End custom CSS *\/<\/style>\t\t<div data-elementor-type=\"loop-item\" data-elementor-id=\"4155\" class=\"elementor elementor-4155 e-loop-item e-loop-item-4560 post-4560 product type-product status-publish has-post-thumbnail product_cat-nose-strips first instock shipping-taxable purchasable product-type-variable add-to-wishlist-before_image\" data-elementor-post-type=\"elementor_library\" data-custom-edit-handle=\"1\">\n\t\t\t<div class=\"elementor-element elementor-element-848908d e-flex e-con-boxed e-con e-parent\" data-id=\"848908d\" data-element_type=\"container\" data-e-type=\"container\">\n\t\t\t\t\t<div class=\"e-con-inner\">\n\t\t<div class=\"elementor-element elementor-element-fb65f3d e-con-full e-flex e-con e-child\" data-id=\"fb65f3d\" data-element_type=\"container\" data-e-type=\"container\">\n\t\t\t\t<div class=\"elementor-element elementor-element-1f286eb elementor-widget elementor-widget-theme-post-featured-image elementor-widget-image\" data-id=\"1f286eb\" data-element_type=\"widget\" data-e-type=\"widget\" data-widget_type=\"theme-post-featured-image.default\">\n\t\t\t\t\t\t\t\t\t\t\t\t\t\t\t\t<a href=\"https:\/\/evovsport.com\/cs\/produkt\/evov-nose-strips\/\">\n\t\t\t\t\t\t\t<img loading=\"lazy\" decoding=\"async\" width=\"500\" height=\"500\" src=\"https:\/\/evovsport.com\/wp-content\/uploads\/2025\/12\/60.png\" class=\"elementor-animation-grow attachment-large size-large wp-image-4713\" alt=\"\" srcset=\"https:\/\/evovsport.com\/wp-content\/uploads\/2025\/12\/60.png 500w, https:\/\/evovsport.com\/wp-content\/uploads\/2025\/12\/60-150x150.png 150w, https:\/\/evovsport.com\/wp-content\/uploads\/2025\/12\/60-12x12.png 12w\" sizes=\"(max-width: 500px) 100vw, 500px\" \/>\t\t\t\t\t\t\t\t<\/a>\n\t\t\t\t\t\t\t\t\t\t\t\t\t\t\t<\/div>\n\t\t\t\t<\/div>\n\t\t<div class=\"elementor-element elementor-element-b2b9c7f e-con-full e-flex e-con e-child\" data-id=\"b2b9c7f\" data-element_type=\"container\" data-e-type=\"container\">\n\t\t\t\t<div class=\"elementor-element elementor-element-97f9ce8 elementor-widget elementor-widget-heading\" data-id=\"97f9ce8\" data-element_type=\"widget\" data-e-type=\"widget\" data-widget_type=\"heading.default\">\n\t\t\t\t\t<div class=\"elementor-heading-title elementor-size-default\"><a href=\"https:\/\/evovsport.com\/cs\/kategorie-produktu\/nose-strips\/\" rel=\"tag\">Nose strips<\/a><\/div>\t\t\t\t<\/div>\n\t\t\t\t<div class=\"elementor-element elementor-element-a0b71c7 elementor-widget elementor-widget-woocommerce-product-title elementor-page-title elementor-widget-heading\" data-id=\"a0b71c7\" data-element_type=\"widget\" data-e-type=\"widget\" data-widget_type=\"woocommerce-product-title.default\">\n\t\t\t\t\t<div class=\"product_title entry-title elementor-heading-title elementor-size-default\"><a href=\"https:\/\/evovsport.com\/cs\/produkt\/evov-nose-strips\/\">EVOV Nose Strips<\/a><\/div>\t\t\t\t<\/div>\n\t\t\t\t<div class=\"elementor-element elementor-element-2f200db elementor-widget elementor-widget-woocommerce-product-price\" data-id=\"2f200db\" data-element_type=\"widget\" data-e-type=\"widget\" data-widget_type=\"woocommerce-product-price.default\">\n\t\t\t\t\t<p class=\"price\"><span class=\"wmc-cache-pid wmc-cache-loading\" data-wmc_product_id=\"4560\"><span class=\"woocommerce-Price-amount amount\"><bdi><span class=\"woocommerce-Price-currencySymbol\">A$<\/span>27.98<\/bdi><\/span> <span aria-hidden=\"true\">&ndash;<\/span> <span class=\"woocommerce-Price-amount amount\"><bdi><span class=\"woocommerce-Price-currencySymbol\">A$<\/span>239.98<\/bdi><\/span><span class=\"screen-reader-text\">Rozp\u011bt\u00ed cen: A$27.98 a\u017e A$239.98<\/span><\/span><\/p>\n\t\t\t\t<\/div>\n\t\t\t\t<\/div>\n\t\t\t\t\t<\/div>\n\t\t\t\t<\/div>\n\t\t\t\t<\/div>\n\t\t\t\t<\/div>\n\t\t\n\t\t\t\t\t\t<\/div>\n\t\t\t\t<\/div>\n\t\t\t\t\t<\/div>\n\t\t\t\t<\/div>\n\t\t\t\t<\/div>\n\t\t","protected":false},"excerpt":{"rendered":"<p>Breathe better. Perform harder. 1 Prep. Wash &amp; Dry.Ensure skin is clean. 2 Position. Avoid placementtoo high or low. 3 Secure. Correct fit.Apple firmly. Cautions Disposable use each strip only once. Do not use for more than 12 hours per day.<\/p>","protected":false},"author":2,"featured_media":0,"parent":0,"menu_order":0,"comment_status":"closed","ping_status":"closed","template":"elementor_header_footer","meta":{"footnotes":""},"class_list":["post-4607","page","type-page","status-publish","hentry"],"blocksy_meta":[],"_links":{"self":[{"href":"https:\/\/evovsport.com\/cs\/wp-json\/wp\/v2\/pages\/4607","targetHints":{"allow":["GET"]}}],"collection":[{"href":"https:\/\/evovsport.com\/cs\/wp-json\/wp\/v2\/pages"}],"about":[{"href":"https:\/\/evovsport.com\/cs\/wp-json\/wp\/v2\/types\/page"}],"author":[{"embeddable":true,"href":"https:\/\/evovsport.com\/cs\/wp-json\/wp\/v2\/users\/2"}],"replies":[{"embeddable":true,"href":"https:\/\/evovsport.com\/cs\/wp-json\/wp\/v2\/comments?post=4607"}],"version-history":[{"count":34,"href":"https:\/\/evovsport.com\/cs\/wp-json\/wp\/v2\/pages\/4607\/revisions"}],"predecessor-version":[{"id":4730,"href":"https:\/\/evovsport.com\/cs\/wp-json\/wp\/v2\/pages\/4607\/revisions\/4730"}],"wp:attachment":[{"href":"https:\/\/evovsport.com\/cs\/wp-json\/wp\/v2\/media?parent=4607"}],"curies":[{"name":"wp","href":"https:\/\/api.w.org\/{rel}","templated":true}]}}